{"id":2347,"date":"2020-03-31T07:41:11","date_gmt":"2020-03-31T07:41:11","guid":{"rendered":"https:\/\/alloggio.qodeinteractive.com\/?page_id=2347"},"modified":"2020-11-18T14:46:54","modified_gmt":"2020-11-18T13:46:54","slug":"chi-sono","status":"publish","type":"page","link":"https:\/\/ladybutterflyapartment.it\/es\/chi-sono\/","title":{"rendered":"\u00bfQui\u00e9n es Lady Butterfly?"},"content":{"rendered":"<div data-elementor-type=\"wp-page\" data-elementor-id=\"2347\" class=\"elementor elementor-2347\">\n\t\t\t\t\t\t<section class=\"elementor-section elementor-top-section elementor-element elementor-element-55bc024 elementor-section-full_width qodef-elementor-content-grid elementor-section-height-default elementor-section-height-default\" data-id=\"55bc024\" data-element_type=\"section\">\n\t\t\t\t\t\t<div class=\"elementor-container elementor-column-gap-no\">\n\t\t\t\t\t<div class=\"elementor-column elementor-col-100 elementor-top-column elementor-element elementor-element-5abf0b6\" data-id=\"5abf0b6\" data-element_type=\"column\">\n\t\t\t<div class=\"elementor-widget-wrap elementor-element-populated\">\n\t\t\t\t\t\t<div class=\"elementor-element elementor-element-1522463 elementor-widget elementor-widget-alloggio_core_section_title\" data-id=\"1522463\" data-element_type=\"widget\" data-widget_type=\"alloggio_core_section_title.default\">\n\t\t\t\t<div class=\"elementor-widget-container\">\n\t\t\t<div class=\"qodef-shortcode qodef-m  qodef-section-title qodef-alignment--center\">\n\t\t<h2 class=\"qodef-m-title\" >\n\t\t\t\t\tMe llamo Stefania\t\t\t<\/h2>\n\t\t<span class=\"qodef-m-text\" style=\"margin-top: 25px\">tengo Roma en mi coraz\u00f3n y el mundo entero en mis pensamientos. Me encanta viajar con maleta o con la imaginaci\u00f3n, sola pero m\u00e1s a\u00fan en compa\u00f1\u00eda de mi familia. Despu\u00e9s de a\u00f1os decid\u00ed hacer de mi pasi\u00f3n mi trabajo y dise\u00f1\u00e9, renov\u00e9 y amuebl\u00e9 en cada detalle este piso pensando en la casa en la que me gustar\u00eda quedarme unos d\u00edas si me fuera a una gran ciudad. Estoy segura de que aqu\u00ed podr\u00e1s enamorarte de m\u00ed Roma: tan ca\u00f3tica y en\u00e9rgica, pero a la vez elegante y seductora. Hay que saborearla con gusto, como haces con un buen caf\u00e9 o con una copa de vino: c\u00f3modo, a gusto, rodeado de belleza. Y si llevas en tu coraz\u00f3n, aunque solo un peque\u00f1o recuerdo de este apartamento junto con los otros recuerdos inolvidables de tu estancia en la Ciudad Eterna, entonces ser\u00e1 un nuevo viaje para mi imaginaci\u00f3n.<\/span>\n<\/div>\t\t<\/div>\n\t\t\t\t<\/div>\n\t\t\t\t\t<\/div>\n\t\t<\/div>\n\t\t\t\t\t<\/div>\n\t\t<\/section>\n\t\t\t\t<section class=\"elementor-section elementor-top-section elementor-element elementor-element-4c89fa4 elementor-section-boxed elementor-section-height-default elementor-section-height-default qodef-elementor-content-no\" data-id=\"4c89fa4\" data-element_type=\"section\">\n\t\t\t\t\t\t<div class=\"elementor-container elementor-column-gap-default\">\n\t\t\t\t\t<div class=\"elementor-column elementor-col-100 elementor-top-column elementor-element elementor-element-0c65c55\" data-id=\"0c65c55\" data-element_type=\"column\">\n\t\t\t<div class=\"elementor-widget-wrap elementor-element-populated\">\n\t\t\t\t\t\t<div class=\"elementor-element elementor-element-b96557f elementor-widget elementor-widget-image\" data-id=\"b96557f\" data-element_type=\"widget\" data-widget_type=\"image.default\">\n\t\t\t\t<div class=\"elementor-widget-container\">\n\t\t\t\t\t\t\t\t\t\t\t\t\t<img fetchpriority=\"high\" decoding=\"async\" width=\"2560\" height=\"1707\" src=\"https:\/\/ladybutterflyapartment.it\/wp-content\/uploads\/2020\/11\/lady-butterfly-house-scaled.jpg\" class=\"attachment-full size-full wp-image-4345\" alt=\"\" srcset=\"https:\/\/ladybutterflyapartment.it\/wp-content\/uploads\/2020\/11\/lady-butterfly-house-scaled.jpg 2560w, https:\/\/ladybutterflyapartment.it\/wp-content\/uploads\/2020\/11\/lady-butterfly-house-scaled-600x400.jpg 600w, https:\/\/ladybutterflyapartment.it\/wp-content\/uploads\/2020\/11\/lady-butterfly-house-300x200.jpg 300w, https:\/\/ladybutterflyapartment.it\/wp-content\/uploads\/2020\/11\/lady-butterfly-house-1024x683.jpg 1024w, https:\/\/ladybutterflyapartment.it\/wp-content\/uploads\/2020\/11\/lady-butterfly-house-768x512.jpg 768w, https:\/\/ladybutterflyapartment.it\/wp-content\/uploads\/2020\/11\/lady-butterfly-house-1536x1024.jpg 1536w, https:\/\/ladybutterflyapartment.it\/wp-content\/uploads\/2020\/11\/lady-butterfly-house-2048x1365.jpg 2048w\" sizes=\"(max-width: 2560px) 100vw, 2560px\" \/>\t\t\t\t\t\t\t\t\t\t\t\t\t<\/div>\n\t\t\t\t<\/div>\n\t\t\t\t\t<\/div>\n\t\t<\/div>\n\t\t\t\t\t<\/div>\n\t\t<\/section>\n\t\t\t\t<\/div>","protected":false},"excerpt":{"rendered":"<p>Mi chiamo Stefania, ho Roma nel cuore e l\u2019intero mappamondo nei miei pensieri. Amo viaggiare con la valigia o anche solo con la fantasia, da sola ma ancora di pi\u00f9 in compagnia della mia famiglia. Dopo anni, mi sono decisa a fare della mia passione il mio lavoro e ho progettato, ristrutturato e arredato nei [&hellip;]<\/p>","protected":false},"author":1,"featured_media":0,"parent":0,"menu_order":0,"comment_status":"closed","ping_status":"closed","template":"page-full-width.php","meta":{"footnotes":""},"_links":{"self":[{"href":"https:\/\/ladybutterflyapartment.it\/es\/wp-json\/wp\/v2\/pages\/2347"}],"collection":[{"href":"https:\/\/ladybutterflyapartment.it\/es\/wp-json\/wp\/v2\/pages"}],"about":[{"href":"https:\/\/ladybutterflyapartment.it\/es\/wp-json\/wp\/v2\/types\/page"}],"author":[{"embeddable":true,"href":"https:\/\/ladybutterflyapartment.it\/es\/wp-json\/wp\/v2\/users\/1"}],"replies":[{"embeddable":true,"href":"https:\/\/ladybutterflyapartment.it\/es\/wp-json\/wp\/v2\/comments?post=2347"}],"version-history":[{"count":12,"href":"https:\/\/ladybutterflyapartment.it\/es\/wp-json\/wp\/v2\/pages\/2347\/revisions"}],"predecessor-version":[{"id":4670,"href":"https:\/\/ladybutterflyapartment.it\/es\/wp-json\/wp\/v2\/pages\/2347\/revisions\/4670"}],"wp:attachment":[{"href":"https:\/\/ladybutterflyapartment.it\/es\/wp-json\/wp\/v2\/media?parent=2347"}],"curies":[{"name":"wp","href":"https:\/\/api.w.org\/{rel}","templated":true}]}}